{"id":101,"date":"2019-06-08T16:22:39","date_gmt":"2019-06-08T14:22:39","guid":{"rendered":"https:\/\/psg-muerz.at\/?page_id=101"},"modified":"2025-01-17T03:32:12","modified_gmt":"2025-01-17T02:32:12","slug":"kontakte","status":"publish","type":"page","link":"https:\/\/psg-muerz.at\/?page_id=101","title":{"rendered":"Kontakte Vorstand"},"content":{"rendered":"\t\t<div data-elementor-type=\"wp-post\" data-elementor-id=\"101\" class=\"elementor elementor-101\">\n\t\t\t\t\t\t<section class=\"elementor-section elementor-top-section elementor-element elementor-element-72018f84 elementor-section-boxed elementor-section-height-default elementor-section-height-default\" data-id=\"72018f84\" data-element_type=\"section\">\n\t\t\t\t\t\t<div class=\"elementor-container elementor-column-gap-default\">\n\t\t\t\t\t<div class=\"elementor-column elementor-col-100 elementor-top-column elementor-element elementor-element-76718e84\" data-id=\"76718e84\" data-element_type=\"column\">\n\t\t\t<div class=\"elementor-widget-wrap elementor-element-populated\">\n\t\t\t\t\t\t<div class=\"elementor-element elementor-element-6978b9b elementor-widget__width-initial elementor-widget elementor-widget-text-editor\" data-id=\"6978b9b\" data-element_type=\"widget\" data-widget_type=\"text-editor.default\">\n\t\t\t\t<div class=\"elementor-widget-container\">\n\t\t\t\t\t\t\t<p style=\"text-align: center;\"><a href=\"https:\/\/psg-muerz.at\/wp-content\/uploads\/2020\/08\/20200802_125730-1-rotated.jpg\"><img fetchpriority=\"high\" decoding=\"async\" class=\"size-medium wp-image-534 aligncenter\" src=\"https:\/\/psg-muerz.at\/wp-content\/uploads\/2020\/08\/20200802_125730-1-225x300.jpg\" alt=\"\" width=\"225\" height=\"300\" srcset=\"https:\/\/psg-muerz.at\/wp-content\/uploads\/2020\/08\/20200802_125730-1-225x300.jpg 225w, https:\/\/psg-muerz.at\/wp-content\/uploads\/2020\/08\/20200802_125730-1-768x1024.jpg 768w, https:\/\/psg-muerz.at\/wp-content\/uploads\/2020\/08\/20200802_125730-1-1152x1536.jpg 1152w, https:\/\/psg-muerz.at\/wp-content\/uploads\/2020\/08\/20200802_125730-1-rotated.jpg 1536w\" sizes=\"(max-width: 225px) 100vw, 225px\" \/><span style=\"color: #000000;\"><strong>Obersch\u00fctzenmeister<\/strong><\/span><\/a><br \/><span style=\"color: #000000;\"><strong>Georg Wimmer<br \/><\/strong>Tel: 0664\/123 73 90<br \/>E-Mail: priv.schuetzengesellschaft@muerznet.at<\/span><\/p><p style=\"text-align: center;\"><span style=\"color: #000000;\"><strong><a href=\"https:\/\/psg-muerz.at\/wp-content\/uploads\/2020\/08\/20200802_125617-2-rotated.jpg\"><img decoding=\"async\" class=\"size-medium wp-image-540 aligncenter\" src=\"https:\/\/psg-muerz.at\/wp-content\/uploads\/2020\/08\/20200802_125617-2-225x300.jpg\" alt=\"\" width=\"225\" height=\"300\" srcset=\"https:\/\/psg-muerz.at\/wp-content\/uploads\/2020\/08\/20200802_125617-2-225x300.jpg 225w, https:\/\/psg-muerz.at\/wp-content\/uploads\/2020\/08\/20200802_125617-2-768x1024.jpg 768w, https:\/\/psg-muerz.at\/wp-content\/uploads\/2020\/08\/20200802_125617-2-1152x1536.jpg 1152w, https:\/\/psg-muerz.at\/wp-content\/uploads\/2020\/08\/20200802_125617-2-rotated.jpg 1536w\" sizes=\"(max-width: 225px) 100vw, 225px\" \/><\/a><\/strong><\/span><span style=\"color: #000000;\"><strong>1. Sch\u00fctzenmeister<br \/>Rupert Halmdienst<br \/><br \/><\/strong><\/span><\/p><p style=\"text-align: center;\"><span style=\"color: #000000;\"><strong><a href=\"https:\/\/psg-muerz.at\/wp-content\/uploads\/2020\/08\/20200802_125445-rotated.jpg\"><img decoding=\"async\" class=\"size-medium wp-image-541 aligncenter\" src=\"https:\/\/psg-muerz.at\/wp-content\/uploads\/2020\/08\/20200802_125445-225x300.jpg\" alt=\"\" width=\"225\" height=\"300\" srcset=\"https:\/\/psg-muerz.at\/wp-content\/uploads\/2020\/08\/20200802_125445-225x300.jpg 225w, https:\/\/psg-muerz.at\/wp-content\/uploads\/2020\/08\/20200802_125445-768x1024.jpg 768w, https:\/\/psg-muerz.at\/wp-content\/uploads\/2020\/08\/20200802_125445-1152x1536.jpg 1152w, https:\/\/psg-muerz.at\/wp-content\/uploads\/2020\/08\/20200802_125445-rotated.jpg 1536w\" sizes=\"(max-width: 225px) 100vw, 225px\" \/><\/a>Kassierin<br \/>Heidelinde Seidl<br \/><br \/><br \/><a href=\"https:\/\/psg-muerz.at\/wp-content\/uploads\/2020\/08\/20200802_125635-rotated.jpg\"><img loading=\"lazy\" decoding=\"async\" class=\"size-medium wp-image-542 aligncenter\" src=\"https:\/\/psg-muerz.at\/wp-content\/uploads\/2020\/08\/20200802_125635-225x300.jpg\" alt=\"\" width=\"225\" height=\"300\" srcset=\"https:\/\/psg-muerz.at\/wp-content\/uploads\/2020\/08\/20200802_125635-225x300.jpg 225w, https:\/\/psg-muerz.at\/wp-content\/uploads\/2020\/08\/20200802_125635-768x1024.jpg 768w, https:\/\/psg-muerz.at\/wp-content\/uploads\/2020\/08\/20200802_125635-1152x1536.jpg 1152w, https:\/\/psg-muerz.at\/wp-content\/uploads\/2020\/08\/20200802_125635-rotated.jpg 1536w\" sizes=\"(max-width: 225px) 100vw, 225px\" \/><\/a>Kassierin Stellvertreterin<br \/>Astrid Wimmer<br \/><br \/><\/strong><\/span><\/p><p style=\"text-align: center;\"><a href=\"https:\/\/psg-muerz.at\/wp-content\/uploads\/2020\/08\/20200802_125502-rotated.jpg\"><img loading=\"lazy\" decoding=\"async\" class=\"size-medium wp-image-543 aligncenter\" src=\"https:\/\/psg-muerz.at\/wp-content\/uploads\/2020\/08\/20200802_125502-225x300.jpg\" alt=\"\" width=\"225\" height=\"300\" srcset=\"https:\/\/psg-muerz.at\/wp-content\/uploads\/2020\/08\/20200802_125502-225x300.jpg 225w, https:\/\/psg-muerz.at\/wp-content\/uploads\/2020\/08\/20200802_125502-768x1024.jpg 768w, https:\/\/psg-muerz.at\/wp-content\/uploads\/2020\/08\/20200802_125502-1152x1536.jpg 1152w, https:\/\/psg-muerz.at\/wp-content\/uploads\/2020\/08\/20200802_125502-rotated.jpg 1536w\" sizes=\"(max-width: 225px) 100vw, 225px\" \/><\/a><span style=\"color: #000000;\"><strong>Schriftf\u00fchrerin<\/strong><\/span><br \/><span style=\"color: #000000;\"><strong>Barbara Hirsch<br \/><br \/><\/strong><\/span><\/p><p style=\"text-align: center;\"><a href=\"https:\/\/psg-muerz.at\/wp-content\/uploads\/2020\/08\/20200802_125556-rotated.jpg\"><img loading=\"lazy\" decoding=\"async\" class=\"size-medium wp-image-544 aligncenter\" src=\"https:\/\/psg-muerz.at\/wp-content\/uploads\/2020\/08\/20200802_125556-225x300.jpg\" alt=\"\" width=\"225\" height=\"300\" srcset=\"https:\/\/psg-muerz.at\/wp-content\/uploads\/2020\/08\/20200802_125556-225x300.jpg 225w, https:\/\/psg-muerz.at\/wp-content\/uploads\/2020\/08\/20200802_125556-768x1024.jpg 768w, https:\/\/psg-muerz.at\/wp-content\/uploads\/2020\/08\/20200802_125556-1152x1536.jpg 1152w, https:\/\/psg-muerz.at\/wp-content\/uploads\/2020\/08\/20200802_125556-rotated.jpg 1536w\" sizes=\"(max-width: 225px) 100vw, 225px\" \/><\/a><span style=\"color: #000000;\"><strong>Schriftf\u00fchrerin Stellvertreterin<\/strong><\/span><br \/><span style=\"color: #000000;\"><strong>Julia Sch\u00fctzenhofer<br \/><br \/><\/strong><\/span><\/p><p style=\"text-align: center;\"><a href=\"https:\/\/psg-muerz.at\/wp-content\/uploads\/2024\/06\/IMG_9351-scaled-e1724161358515.jpg\"><img loading=\"lazy\" decoding=\"async\" class=\"aligncenter wp-image-1649\" src=\"https:\/\/psg-muerz.at\/wp-content\/uploads\/2024\/06\/IMG_9351-scaled-e1724161358515-300x291.jpg\" alt=\"\" width=\"310\" height=\"300\" srcset=\"https:\/\/psg-muerz.at\/wp-content\/uploads\/2024\/06\/IMG_9351-scaled-e1724161358515-300x291.jpg 300w, https:\/\/psg-muerz.at\/wp-content\/uploads\/2024\/06\/IMG_9351-scaled-e1724161358515-1024x992.jpg 1024w, https:\/\/psg-muerz.at\/wp-content\/uploads\/2024\/06\/IMG_9351-scaled-e1724161358515-768x744.jpg 768w, https:\/\/psg-muerz.at\/wp-content\/uploads\/2024\/06\/IMG_9351-scaled-e1724161358515.jpg 1536w\" sizes=\"(max-width: 310px) 100vw, 310px\" \/><\/a><span style=\"color: #000000;\"><strong>Sch\u00fctzenrat<\/strong><\/span><br \/><span style=\"color: #000000;\"><strong>Herbert Mei\u00dfl<br \/><br \/><\/strong><\/span><\/p><p style=\"text-align: center;\"><a href=\"https:\/\/psg-muerz.at\/wp-content\/uploads\/2020\/08\/20200802_125530-rotated.jpg\"><img loading=\"lazy\" decoding=\"async\" class=\"size-medium wp-image-546 aligncenter\" src=\"https:\/\/psg-muerz.at\/wp-content\/uploads\/2020\/08\/20200802_125530-225x300.jpg\" alt=\"\" width=\"225\" height=\"300\" srcset=\"https:\/\/psg-muerz.at\/wp-content\/uploads\/2020\/08\/20200802_125530-225x300.jpg 225w, https:\/\/psg-muerz.at\/wp-content\/uploads\/2020\/08\/20200802_125530-768x1024.jpg 768w, https:\/\/psg-muerz.at\/wp-content\/uploads\/2020\/08\/20200802_125530-1152x1536.jpg 1152w, https:\/\/psg-muerz.at\/wp-content\/uploads\/2020\/08\/20200802_125530-rotated.jpg 1536w\" sizes=\"(max-width: 225px) 100vw, 225px\" \/><\/a><strong><span style=\"color: #000000;\">Sch\u00fctzenrat<\/span><\/strong><br \/><strong><span style=\"color: #000000;\">Erich Hirsch<br \/><br \/><\/span><\/strong><\/p><p style=\"text-align: center;\"><a href=\"https:\/\/psg-muerz.at\/wp-content\/uploads\/2024\/04\/IMG-20240408-WA0013-3-1.jpg\"><img loading=\"lazy\" decoding=\"async\" class=\"size-medium wp-image-1517 aligncenter\" src=\"https:\/\/psg-muerz.at\/wp-content\/uploads\/2024\/04\/IMG-20240408-WA0013-3-1-226x300.jpg\" alt=\"\" width=\"226\" height=\"300\" srcset=\"https:\/\/psg-muerz.at\/wp-content\/uploads\/2024\/04\/IMG-20240408-WA0013-3-1-226x300.jpg 226w, https:\/\/psg-muerz.at\/wp-content\/uploads\/2024\/04\/IMG-20240408-WA0013-3-1.jpg 763w\" sizes=\"(max-width: 226px) 100vw, 226px\" \/><\/a><span style=\"color: #000000;\"><strong>Sch\u00fctzenr\u00e4tin<\/strong><\/span><br \/><span style=\"color: #000000;\"><strong>Kerstin Gruber<\/strong><\/span><\/p>\t\t\t\t\t\t<\/div>\n\t\t\t\t<\/div>\n\t\t\t\t\t<\/div>\n\t\t<\/div>\n\t\t\t\t\t<\/div>\n\t\t<\/section>\n\t\t\t\t<section class=\"elementor-section elementor-top-section elementor-element elementor-element-8d93a2d elementor-section-boxed elementor-section-height-default elementor-section-height-default\" data-id=\"8d93a2d\" data-element_type=\"section\">\n\t\t\t\t\t\t<div class=\"elementor-container elementor-column-gap-default\">\n\t\t\t\t\t<div class=\"elementor-column elementor-col-100 elementor-top-column elementor-element elementor-element-5b2b5b8\" data-id=\"5b2b5b8\" data-element_type=\"column\">\n\t\t\t<div class=\"elementor-widget-wrap\">\n\t\t\t\t\t\t\t<\/div>\n\t\t<\/div>\n\t\t\t\t\t<\/div>\n\t\t<\/section>\n\t\t\t\t<\/div>\n\t\t","protected":false},"excerpt":{"rendered":"<p>Obersch\u00fctzenmeisterGeorg WimmerTel: 0664\/123 73 90E-Mail: priv.schuetzengesellschaft@muerznet.at 1. Sch\u00fctzenmeisterRupert Halmdienst KassierinHeidelinde Seidl Kassierin StellvertreterinAstrid Wimmer Schriftf\u00fchrerinBarbara Hirsch Schriftf\u00fchrerin StellvertreterinJulia Sch\u00fctzenhofer Sch\u00fctzenratHerbert Mei\u00dfl Sch\u00fctzenratErich Hirsch Sch\u00fctzenr\u00e4tinKerstin Gruber<\/p>\n","protected":false},"author":1,"featured_media":0,"parent":0,"menu_order":0,"comment_status":"closed","ping_status":"closed","template":"","meta":{"ocean_post_layout":"full-width","ocean_both_sidebars_style":"","ocean_both_sidebars_content_width":0,"ocean_both_sidebars_sidebars_width":0,"ocean_sidebar":"0","ocean_second_sidebar":"0","ocean_disable_margins":"enable","ocean_add_body_class":"","ocean_shortcode_before_top_bar":"","ocean_shortcode_after_top_bar":"","ocean_shortcode_before_header":"","ocean_shortcode_after_header":"","ocean_has_shortcode":"","ocean_shortcode_after_title":"","ocean_shortcode_before_footer_widgets":"","ocean_shortcode_after_footer_widgets":"","ocean_shortcode_before_footer_bottom":"","ocean_shortcode_after_footer_bottom":"","ocean_display_top_bar":"default","ocean_display_header":"default","ocean_header_style":"","ocean_center_header_left_menu":"0","ocean_custom_header_template":"0","ocean_custom_logo":0,"ocean_custom_retina_logo":0,"ocean_custom_logo_max_width":0,"ocean_custom_logo_tablet_max_width":0,"ocean_custom_logo_mobile_max_width":0,"ocean_custom_logo_max_height":0,"ocean_custom_logo_tablet_max_height":0,"ocean_custom_logo_mobile_max_height":0,"ocean_header_custom_menu":"0","ocean_menu_typo_font_family":"0","ocean_menu_typo_font_subset":"","ocean_menu_typo_font_size":0,"ocean_menu_typo_font_size_tablet":0,"ocean_menu_typo_font_size_mobile":0,"ocean_menu_typo_font_size_unit":"px","ocean_menu_typo_font_weight":"","ocean_menu_typo_font_weight_tablet":"","ocean_menu_typo_font_weight_mobile":"","ocean_menu_typo_transform":"","ocean_menu_typo_transform_tablet":"","ocean_menu_typo_transform_mobile":"","ocean_menu_typo_line_height":0,"ocean_menu_typo_line_height_tablet":0,"ocean_menu_typo_line_height_mobile":0,"ocean_menu_typo_line_height_unit":"","ocean_menu_typo_spacing":0,"ocean_menu_typo_spacing_tablet":0,"ocean_menu_typo_spacing_mobile":0,"ocean_menu_typo_spacing_unit":"","ocean_menu_link_color":"","ocean_menu_link_color_hover":"","ocean_menu_link_color_active":"","ocean_menu_link_background":"","ocean_menu_link_hover_background":"","ocean_menu_link_active_background":"","ocean_menu_social_links_bg":"","ocean_menu_social_hover_links_bg":"","ocean_menu_social_links_color":"","ocean_menu_social_hover_links_color":"","ocean_disable_title":"on","ocean_disable_heading":"default","ocean_post_title":"","ocean_post_subheading":"","ocean_post_title_style":"","ocean_post_title_background_color":"","ocean_post_title_background":0,"ocean_post_title_bg_image_position":"","ocean_post_title_bg_image_attachment":"","ocean_post_title_bg_image_repeat":"","ocean_post_title_bg_image_size":"","ocean_post_title_height":0,"ocean_post_title_bg_overlay":0.5,"ocean_post_title_bg_overlay_color":"","ocean_disable_breadcrumbs":"default","ocean_breadcrumbs_color":"","ocean_breadcrumbs_separator_color":"","ocean_breadcrumbs_links_color":"","ocean_breadcrumbs_links_hover_color":"","ocean_display_footer_widgets":"default","ocean_display_footer_bottom":"default","ocean_custom_footer_template":"0","footnotes":""},"class_list":["post-101","page","type-page","status-publish","hentry","entry"],"_links":{"self":[{"href":"https:\/\/psg-muerz.at\/index.php?rest_route=\/wp\/v2\/pages\/101","targetHints":{"allow":["GET"]}}],"collection":[{"href":"https:\/\/psg-muerz.at\/index.php?rest_route=\/wp\/v2\/pages"}],"about":[{"href":"https:\/\/psg-muerz.at\/index.php?rest_route=\/wp\/v2\/types\/page"}],"author":[{"embeddable":true,"href":"https:\/\/psg-muerz.at\/index.php?rest_route=\/wp\/v2\/users\/1"}],"replies":[{"embeddable":true,"href":"https:\/\/psg-muerz.at\/index.php?rest_route=%2Fwp%2Fv2%2Fcomments&post=101"}],"version-history":[{"count":77,"href":"https:\/\/psg-muerz.at\/index.php?rest_route=\/wp\/v2\/pages\/101\/revisions"}],"predecessor-version":[{"id":1739,"href":"https:\/\/psg-muerz.at\/index.php?rest_route=\/wp\/v2\/pages\/101\/revisions\/1739"}],"wp:attachment":[{"href":"https:\/\/psg-muerz.at\/index.php?rest_route=%2Fwp%2Fv2%2Fmedia&parent=101"}],"curies":[{"name":"wp","href":"https:\/\/api.w.org\/{rel}","templated":true}]}}