{"id":104,"date":"2019-06-08T16:23:03","date_gmt":"2019-06-08T14:23:03","guid":{"rendered":"https:\/\/psg-muerz.at\/?page_id=104"},"modified":"2022-06-08T15:29:40","modified_gmt":"2022-06-08T13:29:40","slug":"uber-uns","status":"publish","type":"page","link":"https:\/\/psg-muerz.at\/?page_id=104","title":{"rendered":"\u00d6ffnungszeiten und Training"},"content":{"rendered":"\n<p class=\"has-text-align-center\"><span class=\"has-inline-color has-black-color\">Montag &#8212;- Geschlossen<br>Dienstag&#8212; Geschlossen<br><strong>Mittwoch &#8212; 16:00-19:00<\/strong><br>Donnerstag &#8211; Geschlossen<br><strong>Freitag &#8212; 16:00-19:00<\/strong><br>Samstag, Sonntag und Feiertage &#8212; Geschlossen<\/span><\/p>\n\n\n\n<p class=\"has-text-align-center has-very-dark-gray-color has-text-color\" style=\"font-size:21px\"><strong>M\u00f6gliche Trainingsvarianten:<\/strong>  <\/p>\n\n\n\n<p class=\"has-text-align-center has-very-dark-gray-color has-text-color\" style=\"font-size:17px\">10 Meter Luftgewehr und Luftpistole auf elektronische Zieleinheiten<br>10 Meter Armbrust auf Papierscheiben<br>Bei Sch\u00f6nwetter im Sommer: <br>50 Meter Kleinkaliber Gewehr auf elektronische Zieleinheiten und Papierscheiben<br>100 Meter Kleinkaliber Gewehr auf Wildscheiben <br><br>Vereinswaffen stehen nat\u00fcrlich zur Verf\u00fcgung. <br>Munition bei Luftgewehr steht kostenlos zur Verf\u00fcgung. Bei Kleinkaliber muss die Munition gekauft werden.<br><br>Bei Interesse an einem &#8222;Schnuppertraining&#8220; steht gerne ein Trainer zur Verf\u00fcgung.<\/p>\n\n\n\n<p><br><br><\/p>\n","protected":false},"excerpt":{"rendered":"<p>Montag &#8212;- GeschlossenDienstag&#8212; GeschlossenMittwoch &#8212; 16:00-19:00Donnerstag &#8211; GeschlossenFreitag &#8212; 16:00-19:00Samstag, Sonntag und Feiertage &#8212; Geschlossen M\u00f6gliche Trainingsvarianten: 10 Meter Luftgewehr und Luftpistole auf elektronische Zieleinheiten10 Meter Armbrust auf PapierscheibenBei Sch\u00f6nwetter im Sommer: 50 Meter Kleinkaliber Gewehr auf elektronische Zieleinheiten und Papierscheiben100 Meter Kleinkaliber Gewehr auf Wildscheiben Vereinswaffen stehen nat\u00fcrlich zur Verf\u00fcgung. Munition bei Luftgewehr steht [&hellip;]<\/p>\n","protected":false},"author":1,"featured_media":0,"parent":0,"menu_order":0,"comment_status":"closed","ping_status":"closed","template":"","meta":{"ocean_post_layout":"full-screen","ocean_both_sidebars_style":"","ocean_both_sidebars_content_width":0,"ocean_both_sidebars_sidebars_width":0,"ocean_sidebar":"0","ocean_second_sidebar":"0","ocean_disable_margins":"enable","ocean_add_body_class":"","ocean_shortcode_before_top_bar":"","ocean_shortcode_after_top_bar":"","ocean_shortcode_before_header":"","ocean_shortcode_after_header":"","ocean_has_shortcode":"","ocean_shortcode_after_title":"","ocean_shortcode_before_footer_widgets":"","ocean_shortcode_after_footer_widgets":"","ocean_shortcode_before_footer_bottom":"","ocean_shortcode_after_footer_bottom":"","ocean_display_top_bar":"default","ocean_display_header":"default","ocean_header_style":"","ocean_center_header_left_menu":"0","ocean_custom_header_template":"0","ocean_custom_logo":0,"ocean_custom_retina_logo":0,"ocean_custom_logo_max_width":0,"ocean_custom_logo_tablet_max_width":0,"ocean_custom_logo_mobile_max_width":0,"ocean_custom_logo_max_height":0,"ocean_custom_logo_tablet_max_height":0,"ocean_custom_logo_mobile_max_height":0,"ocean_header_custom_menu":"0","ocean_menu_typo_font_family":"0","ocean_menu_typo_font_subset":"","ocean_menu_typo_font_size":0,"ocean_menu_typo_font_size_tablet":0,"ocean_menu_typo_font_size_mobile":0,"ocean_menu_typo_font_size_unit":"px","ocean_menu_typo_font_weight":"","ocean_menu_typo_font_weight_tablet":"","ocean_menu_typo_font_weight_mobile":"","ocean_menu_typo_transform":"","ocean_menu_typo_transform_tablet":"","ocean_menu_typo_transform_mobile":"","ocean_menu_typo_line_height":0,"ocean_menu_typo_line_height_tablet":0,"ocean_menu_typo_line_height_mobile":0,"ocean_menu_typo_line_height_unit":"","ocean_menu_typo_spacing":0,"ocean_menu_typo_spacing_tablet":0,"ocean_menu_typo_spacing_mobile":0,"ocean_menu_typo_spacing_unit":"","ocean_menu_link_color":"","ocean_menu_link_color_hover":"","ocean_menu_link_color_active":"","ocean_menu_link_background":"","ocean_menu_link_hover_background":"","ocean_menu_link_active_background":"","ocean_menu_social_links_bg":"","ocean_menu_social_hover_links_bg":"","ocean_menu_social_links_color":"","ocean_menu_social_hover_links_color":"","ocean_disable_title":"on","ocean_disable_heading":"default","ocean_post_title":"","ocean_post_subheading":"","ocean_post_title_style":"","ocean_post_title_background_color":"","ocean_post_title_background":0,"ocean_post_title_bg_image_position":"","ocean_post_title_bg_image_attachment":"","ocean_post_title_bg_image_repeat":"","ocean_post_title_bg_image_size":"","ocean_post_title_height":0,"ocean_post_title_bg_overlay":0.5,"ocean_post_title_bg_overlay_color":"","ocean_disable_breadcrumbs":"default","ocean_breadcrumbs_color":"","ocean_breadcrumbs_separator_color":"","ocean_breadcrumbs_links_color":"","ocean_breadcrumbs_links_hover_color":"","ocean_display_footer_widgets":"default","ocean_display_footer_bottom":"default","ocean_custom_footer_template":"0","footnotes":""},"class_list":["post-104","page","type-page","status-publish","hentry","entry"],"_links":{"self":[{"href":"https:\/\/psg-muerz.at\/index.php?rest_route=\/wp\/v2\/pages\/104","targetHints":{"allow":["GET"]}}],"collection":[{"href":"https:\/\/psg-muerz.at\/index.php?rest_route=\/wp\/v2\/pages"}],"about":[{"href":"https:\/\/psg-muerz.at\/index.php?rest_route=\/wp\/v2\/types\/page"}],"author":[{"embeddable":true,"href":"https:\/\/psg-muerz.at\/index.php?rest_route=\/wp\/v2\/users\/1"}],"replies":[{"embeddable":true,"href":"https:\/\/psg-muerz.at\/index.php?rest_route=%2Fwp%2Fv2%2Fcomments&post=104"}],"version-history":[{"count":8,"href":"https:\/\/psg-muerz.at\/index.php?rest_route=\/wp\/v2\/pages\/104\/revisions"}],"predecessor-version":[{"id":908,"href":"https:\/\/psg-muerz.at\/index.php?rest_route=\/wp\/v2\/pages\/104\/revisions\/908"}],"wp:attachment":[{"href":"https:\/\/psg-muerz.at\/index.php?rest_route=%2Fwp%2Fv2%2Fmedia&parent=104"}],"curies":[{"name":"wp","href":"https:\/\/api.w.org\/{rel}","templated":true}]}}