{"id":144,"date":"2019-06-08T17:22:17","date_gmt":"2019-06-08T15:22:17","guid":{"rendered":"https:\/\/psg-muerz.at\/?page_id=144"},"modified":"2022-07-26T20:58:36","modified_gmt":"2022-07-26T18:58:36","slug":"impressum","status":"publish","type":"page","link":"https:\/\/psg-muerz.at\/?page_id=144","title":{"rendered":"Impressum"},"content":{"rendered":"\n<p class=\"has-text-align-center has-very-dark-gray-color has-text-color has-medium-font-size\">Priv. Sch\u00fctzengesellschaft 1652 <br>Schie\u00dfstattgasse 16<br>8680 M\u00fcrzzuschlag<\/p>\n\n\n\n<p class=\"has-text-align-center has-very-dark-gray-color has-text-color has-medium-font-size\">Die Sch\u00fctzengesellschaft M\u00fcrzzuschlag ist nicht nur der \u00e4lteste Verein der Stadtgemeinde, sondern einer der \u00e4ltesten Vereine der Steiermark \u00fcberhaupt.<br>Sie f\u00fchrt die Jahreszahl 1652 in ihrem Namen, kann aber schon seit 1590 urkundlich nachgewiesen werden (Ratsprotokoll).<br>Sie wurde nicht als Sportklub gegr\u00fcndet, sondern als Teil des Aufgebotes, das bei der Verteidigung von Land und Markt sich mit Wehr und Waffen zu stellen hatte.<br>Da aber damals der Besitz von Feuerwaffen f\u00fcr B\u00fcrger streng verboten war, hatte die Obrigkeit f\u00fcr Sch\u00fctzengilden immer Ausnahmen geduldet.<br>Erst Maria Theresia erlaubte den Waffenbesitz f\u00fcr Sch\u00fctzen und so konnte die Bezeichnung \u201eprivilegiert\u201c dem Namen hinzugef\u00fcgt werden.<\/p>\n\n\n\n<p class=\"has-text-align-center has-very-dark-gray-color has-text-color has-medium-font-size\">&nbsp;Die \u201ePriv. Sch\u00fctzengesellschaft M\u00fcrzzuschlag 1652\u201c ist heute mit mehr als 150 Mitglieder einer der aktivsten und erfolgsreichsten Schie\u00dfsportvereine der Steiermark, nimmt regelm\u00e4\u00dfig an \u00f6sterreichischen, steirischen und Bezirksmeisterschaften, sowie an vielen anderen Bewerben teil und hat in den Kategorien Kleinkaliber 100m, 50m und Luftgewehr 10m mehrere steirische Meisterinnen und Meister. <\/p>\n\n\n\n<p class=\"has-text-align-center has-very-dark-gray-color has-text-color has-medium-font-size\">Das Vereinsheim befindet sich in M\u00fcrzzuschlag in der Schie\u00dfstattgasse.<br>Die Schie\u00dfanlagen sind modern ausgestattet, geschossen wird Kleinkaliber, Armbrust, Luftpistole und Luftgewehr jeden Mittwoch und Freitag ab 16:00Uhr.<br><\/p>\n\n\n\n<p class=\"has-text-align-center has-very-dark-gray-color has-text-color has-medium-font-size\">&nbsp; <strong>G\u00e4ste sind herzlich willkommen!!<\/strong> <\/p>\n","protected":false},"excerpt":{"rendered":"<p>Priv. Sch\u00fctzengesellschaft 1652 Schie\u00dfstattgasse 168680 M\u00fcrzzuschlag Die Sch\u00fctzengesellschaft M\u00fcrzzuschlag ist nicht nur der \u00e4lteste Verein der Stadtgemeinde, sondern einer der \u00e4ltesten Vereine der Steiermark \u00fcberhaupt.Sie f\u00fchrt die Jahreszahl 1652 in ihrem Namen, kann aber schon seit 1590 urkundlich nachgewiesen werden (Ratsprotokoll).Sie wurde nicht als Sportklub gegr\u00fcndet, sondern als Teil des Aufgebotes, das bei der Verteidigung [&hellip;]<\/p>\n","protected":false},"author":1,"featured_media":0,"parent":0,"menu_order":0,"comment_status":"closed","ping_status":"closed","template":"","meta":{"ocean_post_layout":"full-screen","ocean_both_sidebars_style":"","ocean_both_sidebars_content_width":0,"ocean_both_sidebars_sidebars_width":0,"ocean_sidebar":"0","ocean_second_sidebar":"0","ocean_disable_margins":"enable","ocean_add_body_class":"","ocean_shortcode_before_top_bar":"","ocean_shortcode_after_top_bar":"","ocean_shortcode_before_header":"","ocean_shortcode_after_header":"","ocean_has_shortcode":"","ocean_shortcode_after_title":"","ocean_shortcode_before_footer_widgets":"","ocean_shortcode_after_footer_widgets":"","ocean_shortcode_before_footer_bottom":"","ocean_shortcode_after_footer_bottom":"","ocean_display_top_bar":"default","ocean_display_header":"default","ocean_header_style":"","ocean_center_header_left_menu":"0","ocean_custom_header_template":"0","ocean_custom_logo":0,"ocean_custom_retina_logo":0,"ocean_custom_logo_max_width":0,"ocean_custom_logo_tablet_max_width":0,"ocean_custom_logo_mobile_max_width":0,"ocean_custom_logo_max_height":0,"ocean_custom_logo_tablet_max_height":0,"ocean_custom_logo_mobile_max_height":0,"ocean_header_custom_menu":"0","ocean_menu_typo_font_family":"0","ocean_menu_typo_font_subset":"","ocean_menu_typo_font_size":0,"ocean_menu_typo_font_size_tablet":0,"ocean_menu_typo_font_size_mobile":0,"ocean_menu_typo_font_size_unit":"px","ocean_menu_typo_font_weight":"","ocean_menu_typo_font_weight_tablet":"","ocean_menu_typo_font_weight_mobile":"","ocean_menu_typo_transform":"","ocean_menu_typo_transform_tablet":"","ocean_menu_typo_transform_mobile":"","ocean_menu_typo_line_height":0,"ocean_menu_typo_line_height_tablet":0,"ocean_menu_typo_line_height_mobile":0,"ocean_menu_typo_line_height_unit":"","ocean_menu_typo_spacing":0,"ocean_menu_typo_spacing_tablet":0,"ocean_menu_typo_spacing_mobile":0,"ocean_menu_typo_spacing_unit":"","ocean_menu_link_color":"","ocean_menu_link_color_hover":"","ocean_menu_link_color_active":"","ocean_menu_link_background":"","ocean_menu_link_hover_background":"","ocean_menu_link_active_background":"","ocean_menu_social_links_bg":"","ocean_menu_social_hover_links_bg":"","ocean_menu_social_links_color":"","ocean_menu_social_hover_links_color":"","ocean_disable_title":"on","ocean_disable_heading":"default","ocean_post_title":"","ocean_post_subheading":"","ocean_post_title_style":"","ocean_post_title_background_color":"","ocean_post_title_background":0,"ocean_post_title_bg_image_position":"","ocean_post_title_bg_image_attachment":"","ocean_post_title_bg_image_repeat":"","ocean_post_title_bg_image_size":"","ocean_post_title_height":0,"ocean_post_title_bg_overlay":0.5,"ocean_post_title_bg_overlay_color":"","ocean_disable_breadcrumbs":"default","ocean_breadcrumbs_color":"","ocean_breadcrumbs_separator_color":"","ocean_breadcrumbs_links_color":"","ocean_breadcrumbs_links_hover_color":"","ocean_display_footer_widgets":"default","ocean_display_footer_bottom":"default","ocean_custom_footer_template":"0","footnotes":""},"class_list":["post-144","page","type-page","status-publish","hentry","entry"],"_links":{"self":[{"href":"https:\/\/psg-muerz.at\/index.php?rest_route=\/wp\/v2\/pages\/144","targetHints":{"allow":["GET"]}}],"collection":[{"href":"https:\/\/psg-muerz.at\/index.php?rest_route=\/wp\/v2\/pages"}],"about":[{"href":"https:\/\/psg-muerz.at\/index.php?rest_route=\/wp\/v2\/types\/page"}],"author":[{"embeddable":true,"href":"https:\/\/psg-muerz.at\/index.php?rest_route=\/wp\/v2\/users\/1"}],"replies":[{"embeddable":true,"href":"https:\/\/psg-muerz.at\/index.php?rest_route=%2Fwp%2Fv2%2Fcomments&post=144"}],"version-history":[{"count":7,"href":"https:\/\/psg-muerz.at\/index.php?rest_route=\/wp\/v2\/pages\/144\/revisions"}],"predecessor-version":[{"id":1033,"href":"https:\/\/psg-muerz.at\/index.php?rest_route=\/wp\/v2\/pages\/144\/revisions\/1033"}],"wp:attachment":[{"href":"https:\/\/psg-muerz.at\/index.php?rest_route=%2Fwp%2Fv2%2Fmedia&parent=144"}],"curies":[{"name":"wp","href":"https:\/\/api.w.org\/{rel}","templated":true}]}}